{"id":10,"date":"2011-07-22T12:41:25","date_gmt":"2011-07-22T12:41:25","guid":{"rendered":"http:\/\/kumlahallsbergorkester.wordpress.com\/?page_id=10"},"modified":"2015-02-23T23:33:19","modified_gmt":"2015-02-23T21:33:19","slug":"lankar","status":"publish","type":"page","link":"https:\/\/khof.se\/?page_id=10","title":{"rendered":"L\u00e4nkar"},"content":{"rendered":"<p><strong>Kulturskolor<\/strong><br \/>\n<a title=\"Kumla kulturskola\" href=\"http:\/\/www.kumla.se\/skolornashemsidor\/kulturskolan\/startsida.4.697095c711a6e1715fb80003154.html\" target=\"_blank\"> Kumla kulturskola<\/a><br \/>\n<a title=\"Hallsbergs kulturskola\" href=\"http:\/\/www.hallsberg.se\/barnochutbildning\/kulturskolan.4.2bab97d511333ad747180001353.html\" target=\"_blank\"> Hallsberg kulturskola<\/a><\/p>\n<p><strong>F\u00f6reningar<\/strong><br \/>\n<a title=\"RUM\" href=\"http:\/\/www.rum.se\/\" target=\"_blank\">RUM-Riksf\u00f6rbundet Unga Musikanter<\/a><br \/>\n<a title=\"Orkesterf\u00f6rbundet\" href=\"http:\/\/www.orkester.nu\" target=\"_blank\">Sveriges Orkesterf\u00f6rbund<\/a><\/p>\n<p><strong>Musikaff\u00e4rer<\/strong><a href=\"http:\/\/www.4sound.se\/\"><br \/>\n4Sound<\/a> (tidigare <a title=\"Musikb\u00f6rsen\" href=\"http:\/\/www.musikborsen.se\" target=\"_blank\">Musikb\u00f6rsen<\/a>)<br \/>\n<a title=\"Euromusic\" href=\"http:\/\/www.euromusic.nu\" target=\"_blank\">Euromusic<\/a><br \/>\n<a title=\"MusicMusic\" href=\"http:\/\/www.musicmusic.se\" target=\"_blank\">MusicMusic<\/a><br \/>\n<a title=\"Thomann\" href=\"http:\/\/www.thomann.de\" target=\"_blank\">Thomann<\/a><\/p>\n<p><strong>Violinmakare<\/strong><br \/>\n<a title=\"\u00d6rebro violinatelj\u00e9\" href=\"http:\/\/www.orebroviolinatelje.se\" target=\"_blank\">\u00d6rebro Violinatelj\u00e9<\/a><br \/>\n<a title=\"V\u00e4ster\u00e5s violinatelj\u00e9\" href=\"http:\/\/www.violinateljen.se\" target=\"_blank\">Violinatelj\u00e9n V\u00e4ster\u00e5s<\/a><br \/>\n<a title=\"Fiolbyggaren i \u00d6rebro\" href=\"http:\/\/www.fiolbyggare.webb.se\" target=\"_blank\">Fiolbyggaren i \u00d6rebro<\/a><\/p>\n<p><strong>\u00d6vrigt<\/strong><br \/>\n<a title=\"\u00d6rebro Konserthus\" href=\"http:\/\/www.orebrokonserthus.com\" target=\"_blank\">\u00d6rebro Konserthus<\/a><a href=\"http:\/\/www.orekester.se\"><br \/>\n\u00d6rebro Orkesterf\u00f6rening<\/a><\/p>\n","protected":false},"excerpt":{"rendered":"<p>Kulturskolor Kumla kulturskola Hallsberg kulturskola F\u00f6reningar RUM-Riksf\u00f6rbundet Unga Musikanter Sveriges Orkesterf\u00f6rbund Musikaff\u00e4rer 4Sound (tidigare Musikb\u00f6rsen) Euromusic MusicMusic Thomann Violinmakare \u00d6rebro Violinatelj\u00e9 Violinatelj\u00e9n V\u00e4ster\u00e5s Fiolbyggaren i \u00d6rebro \u00d6vrigt \u00d6rebro Konserthus \u00d6rebro Orkesterf\u00f6rening<\/p>\n","protected":false},"author":1,"featured_media":0,"parent":0,"menu_order":0,"comment_status":"closed","ping_status":"closed","template":"","meta":[],"_links":{"self":[{"href":"https:\/\/khof.se\/index.php?rest_route=\/wp\/v2\/pages\/10"}],"collection":[{"href":"https:\/\/khof.se\/index.php?rest_route=\/wp\/v2\/pages"}],"about":[{"href":"https:\/\/khof.se\/index.php?rest_route=\/wp\/v2\/types\/page"}],"author":[{"embeddable":true,"href":"https:\/\/khof.se\/index.php?rest_route=\/wp\/v2\/users\/1"}],"replies":[{"embeddable":true,"href":"https:\/\/khof.se\/index.php?rest_route=%2Fwp%2Fv2%2Fcomments&post=10"}],"version-history":[{"count":7,"href":"https:\/\/khof.se\/index.php?rest_route=\/wp\/v2\/pages\/10\/revisions"}],"predecessor-version":[{"id":1455,"href":"https:\/\/khof.se\/index.php?rest_route=\/wp\/v2\/pages\/10\/revisions\/1455"}],"wp:attachment":[{"href":"https:\/\/khof.se\/index.php?rest_route=%2Fwp%2Fv2%2Fmedia&parent=10"}],"curies":[{"name":"wp","href":"https:\/\/api.w.org\/{rel}","templated":true}]}}