{"id":21,"date":"2011-07-22T12:56:55","date_gmt":"2011-07-22T12:56:55","guid":{"rendered":"http:\/\/kumlahallsbergorkester.wordpress.com\/?page_id=21"},"modified":"2018-02-06T21:55:40","modified_gmt":"2018-02-06T20:55:40","slug":"fotogalleri","status":"publish","type":"page","link":"https:\/\/khof.se\/?page_id=21","title":{"rendered":"Fotogalleri"},"content":{"rendered":"<p><strong>2018-01-16 Filminspelning Hjalmarbergman teatern<br \/>\n<\/strong><a title=\"Filminspelning\" href=\"http:\/\/khof.se\/wp-content\/uploads\/2018\/02\/Fl\u00f6jtsektionen.jpg\">Fl\u00f6jtsektionen<\/a><br \/>\n<a title=\"Bild1\" href=\"http:\/\/khof.se\/wp-content\/uploads\/2018\/02\/P1000661.jpg\">Bild1<\/a><br \/>\n<a title=\"Bild2\" href=\"http:\/\/khof.se\/wp-content\/uploads\/2018\/02\/P1000662.jpg\">Bild2<\/a><br \/>\n<a title=\"Bild3\" href=\"http:\/\/khof.se\/wp-content\/uploads\/2018\/02\/P1000663.jpg\">Bild3<\/a><br \/>\n<a title=\"Bild4\" href=\"http:\/\/khof.se\/wp-content\/uploads\/2018\/02\/P1000664.jpg\">Bild4<\/a><br \/>\n<a title=\"Bild5\" href=\"http:\/\/khof.se\/wp-content\/uploads\/2018\/02\/P1000665.jpg\">Bild5<\/a><br \/>\n<a title=\"Bild6\" href=\"http:\/\/khof.se\/wp-content\/uploads\/2018\/02\/P1000666.jpg\">Bild6<\/a><br \/>\n<a title=\"Bild7\" href=\"http:\/\/khof.se\/wp-content\/uploads\/2018\/02\/P1000667.jpg\">Bild7<\/a><br \/>\n<a title=\"Bild8\" href=\"http:\/\/khof.se\/wp-content\/uploads\/2018\/02\/P1000668.jpg\">Bild8<\/a><br \/>\n<a title=\"Bild9\" href=\"http:\/\/khof.se\/wp-content\/uploads\/2018\/02\/P1000675.jpg\">Bild9<\/a><br \/>\n<a title=\"Bild10\" href=\"http:\/\/khof.se\/wp-content\/uploads\/2018\/02\/P1000678.jpg\">Bild10<\/a><br \/>\n<a title=\"Bild11\" href=\"http:\/\/khof.se\/wp-content\/uploads\/2018\/02\/P1000679.jpg\">Bild11<\/a><\/p>\n<p><strong>Konserter<br \/>\n<\/strong><a title=\"Bielkem\u00e4ssen Kumla 2014-10-19\" href=\"http:\/\/khof.se\/wp-content\/uploads\/2014\/11\/Kvintetten.jpg\">Bielkem\u00e4ssen 2014-10-19<\/a><br \/>\n<\/strong><a title=\"Sockenkyrkan Hallsberg 2014-06-08\" href=\"http:\/\/khof.se\/?p=1185\">Sockenkyrkan Hallsberg 2014-06-08<\/a><br \/>\n<\/strong><a title=\"Hindersm\u00e4ssokonsert 2014\" href=\"http:\/\/khof.se\/?page_id=903\">Hindersm\u00e4sso konsert 2014<\/a><br \/>\n<\/strong><a title=\"\u00d6st m\u00f6ter v\u00e4st i klassiska guldkorn\" href=\"http:\/\/khof.se\/?page_id=321\">\u00d6st m\u00f6ter v\u00e4st i klassiska guldkorn<\/a><br \/>\n<a title=\"Danskonsert\" mp4=\"http:\/\/khof.se\/?page_id=213\">Folk- och dansmusik<\/a><\/p>\n<p><strong>Repetitioner<br \/>\n<\/strong><a title=\"Repetitioner\" href=\"http:\/\/khof.se\/?page_id=161\">Oktober 2010<\/a><br \/>\n<div style=\"width: 400px;\" class=\"wp-video\"><!--[if lt IE 9]><script>document.createElement('video');<\/script><![endif]-->\n<video class=\"wp-video-shortcode\" id=\"video-21-1\" width=\"400\" height=\"230\" preload=\"metadata\" controls=\"controls\"><source type=\"video\/mp4\" src=\"http:\/\/khof.se\/wp-content\/uploads\/2016\/10\/Fl\u00f6jtgodis.mp4?_=1\" \/><a href=\"http:\/\/khof.se\/wp-content\/uploads\/2016\/10\/Fl\u00f6jtgodis.mp4\">http:\/\/khof.se\/wp-content\/uploads\/2016\/10\/Fl\u00f6jtgodis.mp4<\/a><\/video><\/div><br \/>\n2016-04-11 Fr\u00e5n repetitionen av r\u00f6rfl\u00f6jternas dans ur N\u00f6tkn\u00e4pparsviten<\/p>\n<p><strong>\u00d6vriga bilder<br \/>\n<\/strong><a title=\"Avtackning K-A Karlsson 2015-02-23\" href=\"http:\/\/khof.se\/wp-content\/uploads\/2015\/02\/20150223_210253.jpg\">Avtackning K-A Karlsson 2015-02-23<\/a><\/p>\n","protected":false},"excerpt":{"rendered":"<p>2018-01-16 Filminspelning Hjalmarbergman teatern Fl\u00f6jtsektionen Bild1 Bild2 Bild3 Bild4 Bild5 Bild6 Bild7 Bild8 Bild9 Bild10 Bild11 Konserter Bielkem\u00e4ssen 2014-10-19 Sockenkyrkan Hallsberg 2014-06-08 Hindersm\u00e4sso konsert 2014 \u00d6st m\u00f6ter v\u00e4st i klassiska guldkorn Folk- och dansmusik Repetitioner Oktober 2010 2016-04-11 Fr\u00e5n repetitionen &hellip; <a href=\"https:\/\/khof.se\/?page_id=21\">L\u00e4s mer <span class=\"meta-nav\">&rarr;<\/span><\/a><\/p>\n","protected":false},"author":1,"featured_media":0,"parent":0,"menu_order":0,"comment_status":"closed","ping_status":"closed","template":"","meta":[],"_links":{"self":[{"href":"https:\/\/khof.se\/index.php?rest_route=\/wp\/v2\/pages\/21"}],"collection":[{"href":"https:\/\/khof.se\/index.php?rest_route=\/wp\/v2\/pages"}],"about":[{"href":"https:\/\/khof.se\/index.php?rest_route=\/wp\/v2\/types\/page"}],"author":[{"embeddable":true,"href":"https:\/\/khof.se\/index.php?rest_route=\/wp\/v2\/users\/1"}],"replies":[{"embeddable":true,"href":"https:\/\/khof.se\/index.php?rest_route=%2Fwp%2Fv2%2Fcomments&post=21"}],"version-history":[{"count":54,"href":"https:\/\/khof.se\/index.php?rest_route=\/wp\/v2\/pages\/21\/revisions"}],"predecessor-version":[{"id":2303,"href":"https:\/\/khof.se\/index.php?rest_route=\/wp\/v2\/pages\/21\/revisions\/2303"}],"wp:attachment":[{"href":"https:\/\/khof.se\/index.php?rest_route=%2Fwp%2Fv2%2Fmedia&parent=21"}],"curies":[{"name":"wp","href":"https:\/\/api.w.org\/{rel}","templated":true}]}}