{"id":321,"date":"2011-11-26T19:54:42","date_gmt":"2011-11-26T17:54:42","guid":{"rendered":"http:\/\/khof.se\/?page_id=321"},"modified":"2012-06-11T10:53:38","modified_gmt":"2012-06-11T08:53:38","slug":"ost-moter-vast-i-klassiska-guldkorn","status":"publish","type":"page","link":"https:\/\/khof.se\/?page_id=321","title":{"rendered":"\u00d6st m\u00f6ter v\u00e4st i klassiska guldkorn"},"content":{"rendered":"\n\t\t<style type=\"text\/css\">\n\t\t\t#gallery-1 {\n\t\t\t\tmargin: auto;\n\t\t\t}\n\t\t\t#gallery-1 .gallery-item {\n\t\t\t\tfloat: left;\n\t\t\t\tmargin-top: 10px;\n\t\t\t\ttext-align: center;\n\t\t\t\twidth: 33%;\n\t\t\t}\n\t\t\t#gallery-1 img {\n\t\t\t\tborder: 2px solid #cfcfcf;\n\t\t\t}\n\t\t\t#gallery-1 .gallery-caption {\n\t\t\t\tmargin-left: 0;\n\t\t\t}\n\t\t\t\/* see gallery_shortcode() in wp-includes\/media.php *\/\n\t\t<\/style>\n\t\t<div id='gallery-1' class='gallery galleryid-321 gallery-columns-3 gallery-size-thumbnail'><dl class='gallery-item'>\n\t\t\t<dt class='gallery-icon landscape'>\n\t\t\t\t<a href='https:\/\/khof.se\/?attachment_id=492'><img width=\"150\" height=\"150\" src=\"https:\/\/khof.se\/wp-content\/uploads\/2011\/11\/DSC000023-150x150.jpg\" class=\"attachment-thumbnail size-thumbnail\" alt=\"\" loading=\"lazy\" \/><\/a>\n\t\t\t<\/dt><\/dl><dl class='gallery-item'>\n\t\t\t<dt class='gallery-icon landscape'>\n\t\t\t\t<a href='https:\/\/khof.se\/?attachment_id=493'><img width=\"150\" height=\"150\" src=\"https:\/\/khof.se\/wp-content\/uploads\/2011\/11\/DSC000033-150x150.jpg\" class=\"attachment-thumbnail size-thumbnail\" alt=\"\" loading=\"lazy\" \/><\/a>\n\t\t\t<\/dt><\/dl><dl class='gallery-item'>\n\t\t\t<dt class='gallery-icon landscape'>\n\t\t\t\t<a href='https:\/\/khof.se\/?attachment_id=494'><img width=\"150\" height=\"150\" src=\"https:\/\/khof.se\/wp-content\/uploads\/2011\/11\/DSC000053-150x150.jpg\" class=\"attachment-thumbnail size-thumbnail\" alt=\"\" loading=\"lazy\" \/><\/a>\n\t\t\t<\/dt><\/dl><br style=\"clear: both\" \/><dl class='gallery-item'>\n\t\t\t<dt class='gallery-icon landscape'>\n\t\t\t\t<a href='https:\/\/khof.se\/?attachment_id=495'><img width=\"150\" height=\"150\" src=\"https:\/\/khof.se\/wp-content\/uploads\/2011\/11\/DSC000063-150x150.jpg\" class=\"attachment-thumbnail size-thumbnail\" alt=\"\" loading=\"lazy\" \/><\/a>\n\t\t\t<\/dt><\/dl><dl class='gallery-item'>\n\t\t\t<dt class='gallery-icon landscape'>\n\t\t\t\t<a href='https:\/\/khof.se\/?attachment_id=496'><img width=\"150\" height=\"150\" src=\"https:\/\/khof.se\/wp-content\/uploads\/2011\/11\/DSC000073-150x150.jpg\" class=\"attachment-thumbnail size-thumbnail\" alt=\"\" loading=\"lazy\" \/><\/a>\n\t\t\t<\/dt><\/dl><dl class='gallery-item'>\n\t\t\t<dt class='gallery-icon landscape'>\n\t\t\t\t<a href='https:\/\/khof.se\/?attachment_id=497'><img width=\"150\" height=\"150\" src=\"https:\/\/khof.se\/wp-content\/uploads\/2011\/11\/DSC000083-150x150.jpg\" class=\"attachment-thumbnail size-thumbnail\" alt=\"\" loading=\"lazy\" \/><\/a>\n\t\t\t<\/dt><\/dl><br style=\"clear: both\" \/><dl class='gallery-item'>\n\t\t\t<dt class='gallery-icon landscape'>\n\t\t\t\t<a href='https:\/\/khof.se\/?attachment_id=498'><img width=\"150\" height=\"150\" src=\"https:\/\/khof.se\/wp-content\/uploads\/2011\/11\/DSC000103-150x150.jpg\" class=\"attachment-thumbnail size-thumbnail\" alt=\"\" loading=\"lazy\" \/><\/a>\n\t\t\t<\/dt><\/dl><dl class='gallery-item'>\n\t\t\t<dt class='gallery-icon landscape'>\n\t\t\t\t<a href='https:\/\/khof.se\/?attachment_id=499'><img width=\"150\" height=\"150\" src=\"https:\/\/khof.se\/wp-content\/uploads\/2011\/11\/DSC000123-150x150.jpg\" class=\"attachment-thumbnail size-thumbnail\" alt=\"\" loading=\"lazy\" \/><\/a>\n\t\t\t<\/dt><\/dl><dl class='gallery-item'>\n\t\t\t<dt class='gallery-icon landscape'>\n\t\t\t\t<a href='https:\/\/khof.se\/?attachment_id=500'><img width=\"150\" height=\"150\" src=\"https:\/\/khof.se\/wp-content\/uploads\/2011\/11\/DSC000143-150x150.jpg\" class=\"attachment-thumbnail size-thumbnail\" alt=\"\" loading=\"lazy\" \/><\/a>\n\t\t\t<\/dt><\/dl><br style=\"clear: both\" \/><dl class='gallery-item'>\n\t\t\t<dt class='gallery-icon landscape'>\n\t\t\t\t<a href='https:\/\/khof.se\/?attachment_id=501'><img width=\"150\" height=\"150\" src=\"https:\/\/khof.se\/wp-content\/uploads\/2011\/11\/DSC000153-150x150.jpg\" class=\"attachment-thumbnail size-thumbnail\" alt=\"\" loading=\"lazy\" \/><\/a>\n\t\t\t<\/dt><\/dl><dl class='gallery-item'>\n\t\t\t<dt class='gallery-icon landscape'>\n\t\t\t\t<a href='https:\/\/khof.se\/?attachment_id=502'><img width=\"150\" height=\"150\" src=\"https:\/\/khof.se\/wp-content\/uploads\/2011\/11\/DSC000163-150x150.jpg\" class=\"attachment-thumbnail size-thumbnail\" alt=\"\" loading=\"lazy\" \/><\/a>\n\t\t\t<\/dt><\/dl><dl class='gallery-item'>\n\t\t\t<dt class='gallery-icon landscape'>\n\t\t\t\t<a href='https:\/\/khof.se\/?attachment_id=503'><img width=\"150\" height=\"150\" src=\"https:\/\/khof.se\/wp-content\/uploads\/2011\/11\/DSC000173-150x150.jpg\" class=\"attachment-thumbnail size-thumbnail\" alt=\"\" loading=\"lazy\" \/><\/a>\n\t\t\t<\/dt><\/dl><br style=\"clear: both\" \/><dl class='gallery-item'>\n\t\t\t<dt class='gallery-icon landscape'>\n\t\t\t\t<a href='https:\/\/khof.se\/?attachment_id=504'><img width=\"150\" height=\"150\" src=\"https:\/\/khof.se\/wp-content\/uploads\/2011\/11\/DSC000183-150x150.jpg\" class=\"attachment-thumbnail size-thumbnail\" alt=\"\" loading=\"lazy\" \/><\/a>\n\t\t\t<\/dt><\/dl><dl class='gallery-item'>\n\t\t\t<dt class='gallery-icon landscape'>\n\t\t\t\t<a href='https:\/\/khof.se\/?attachment_id=505'><img width=\"150\" height=\"150\" src=\"https:\/\/khof.se\/wp-content\/uploads\/2011\/11\/DSC000203-150x150.jpg\" class=\"attachment-thumbnail size-thumbnail\" alt=\"\" loading=\"lazy\" \/><\/a>\n\t\t\t<\/dt><\/dl><dl class='gallery-item'>\n\t\t\t<dt class='gallery-icon landscape'>\n\t\t\t\t<a href='https:\/\/khof.se\/?attachment_id=506'><img width=\"150\" height=\"150\" src=\"https:\/\/khof.se\/wp-content\/uploads\/2011\/11\/DSC00021-150x150.jpg\" class=\"attachment-thumbnail size-thumbnail\" alt=\"\" loading=\"lazy\" \/><\/a>\n\t\t\t<\/dt><\/dl><br style=\"clear: both\" \/><dl class='gallery-item'>\n\t\t\t<dt class='gallery-icon landscape'>\n\t\t\t\t<a href='https:\/\/khof.se\/?attachment_id=507'><img width=\"150\" height=\"150\" src=\"https:\/\/khof.se\/wp-content\/uploads\/2011\/11\/DSC00022-150x150.jpg\" class=\"attachment-thumbnail size-thumbnail\" alt=\"\" loading=\"lazy\" \/><\/a>\n\t\t\t<\/dt><\/dl><dl class='gallery-item'>\n\t\t\t<dt class='gallery-icon landscape'>\n\t\t\t\t<a href='https:\/\/khof.se\/?attachment_id=508'><img width=\"150\" height=\"150\" src=\"https:\/\/khof.se\/wp-content\/uploads\/2011\/11\/DSC00024-150x150.jpg\" class=\"attachment-thumbnail size-thumbnail\" alt=\"\" loading=\"lazy\" \/><\/a>\n\t\t\t<\/dt><\/dl><dl class='gallery-item'>\n\t\t\t<dt class='gallery-icon landscape'>\n\t\t\t\t<a href='https:\/\/khof.se\/?attachment_id=509'><img width=\"150\" height=\"150\" src=\"https:\/\/khof.se\/wp-content\/uploads\/2011\/11\/DSC00026-150x150.jpg\" class=\"attachment-thumbnail size-thumbnail\" alt=\"\" loading=\"lazy\" \/><\/a>\n\t\t\t<\/dt><\/dl><br style=\"clear: both\" \/><dl class='gallery-item'>\n\t\t\t<dt class='gallery-icon landscape'>\n\t\t\t\t<a href='https:\/\/khof.se\/?attachment_id=510'><img width=\"150\" height=\"150\" src=\"https:\/\/khof.se\/wp-content\/uploads\/2011\/11\/DSC00030-150x150.jpg\" class=\"attachment-thumbnail size-thumbnail\" alt=\"\" loading=\"lazy\" \/><\/a>\n\t\t\t<\/dt><\/dl><dl class='gallery-item'>\n\t\t\t<dt class='gallery-icon landscape'>\n\t\t\t\t<a href='https:\/\/khof.se\/?attachment_id=511'><img width=\"150\" height=\"150\" src=\"https:\/\/khof.se\/wp-content\/uploads\/2011\/11\/DSC0000311-150x150.jpg\" class=\"attachment-thumbnail size-thumbnail\" alt=\"\" loading=\"lazy\" \/><\/a>\n\t\t\t<\/dt><\/dl><dl class='gallery-item'>\n\t\t\t<dt class='gallery-icon landscape'>\n\t\t\t\t<a href='https:\/\/khof.se\/?attachment_id=512'><img width=\"150\" height=\"150\" src=\"https:\/\/khof.se\/wp-content\/uploads\/2011\/11\/DSC00034-150x150.jpg\" class=\"attachment-thumbnail size-thumbnail\" alt=\"\" loading=\"lazy\" \/><\/a>\n\t\t\t<\/dt><\/dl><br style=\"clear: both\" \/><dl class='gallery-item'>\n\t\t\t<dt class='gallery-icon landscape'>\n\t\t\t\t<a href='https:\/\/khof.se\/?attachment_id=513'><img width=\"150\" height=\"150\" src=\"https:\/\/khof.se\/wp-content\/uploads\/2011\/11\/DSC00042-150x150.jpg\" class=\"attachment-thumbnail size-thumbnail\" alt=\"\" loading=\"lazy\" \/><\/a>\n\t\t\t<\/dt><\/dl><dl class='gallery-item'>\n\t\t\t<dt class='gallery-icon landscape'>\n\t\t\t\t<a href='https:\/\/khof.se\/?attachment_id=514'><img width=\"150\" height=\"150\" src=\"https:\/\/khof.se\/wp-content\/uploads\/2011\/11\/DSC0001511-150x150.jpg\" class=\"attachment-thumbnail size-thumbnail\" alt=\"\" loading=\"lazy\" \/><\/a>\n\t\t\t<\/dt><\/dl>\n\t\t\t<br style='clear: both' \/>\n\t\t<\/div>\n\n","protected":false},"excerpt":{"rendered":"","protected":false},"author":2,"featured_media":0,"parent":0,"menu_order":0,"comment_status":"closed","ping_status":"closed","template":"onecolumn-page.php","meta":[],"_links":{"self":[{"href":"https:\/\/khof.se\/index.php?rest_route=\/wp\/v2\/pages\/321"}],"collection":[{"href":"https:\/\/khof.se\/index.php?rest_route=\/wp\/v2\/pages"}],"about":[{"href":"https:\/\/khof.se\/index.php?rest_route=\/wp\/v2\/types\/page"}],"author":[{"embeddable":true,"href":"https:\/\/khof.se\/index.php?rest_route=\/wp\/v2\/users\/2"}],"replies":[{"embeddable":true,"href":"https:\/\/khof.se\/index.php?rest_route=%2Fwp%2Fv2%2Fcomments&post=321"}],"version-history":[{"count":9,"href":"https:\/\/khof.se\/index.php?rest_route=\/wp\/v2\/pages\/321\/revisions"}],"predecessor-version":[{"id":553,"href":"https:\/\/khof.se\/index.php?rest_route=\/wp\/v2\/pages\/321\/revisions\/553"}],"wp:attachment":[{"href":"https:\/\/khof.se\/index.php?rest_route=%2Fwp%2Fv2%2Fmedia&parent=321"}],"curies":[{"name":"wp","href":"https:\/\/api.w.org\/{rel}","templated":true}]}}