{"id":5,"date":"2011-07-22T12:40:16","date_gmt":"2011-07-22T12:40:16","guid":{"rendered":"http:\/\/kumlahallsbergorkester.wordpress.com\/?page_id=4"},"modified":"2021-12-19T15:03:37","modified_gmt":"2021-12-19T14:03:37","slug":"aktuellt","status":"publish","type":"page","link":"https:\/\/khof.se\/?page_id=5","title":{"rendered":"Konserter"},"content":{"rendered":"\n<p><del><strong>Julkonsert<br><\/strong>Kumla kyrka<br>L\u00f6rdag 18 dec 2021 kl. 16.00 och kl. 18.00<\/del><\/p>\n<p><del><strong>Hindersm\u00e4ssokonsert<br><\/strong>S:t Nicolai kyrka i \u00d6rebro<br>L\u00f6rdag 25 jan 2020 kl. 17.00<\/del><\/p><p><del><strong>Sound of Music och Musik av m\u00e4stare<br><\/strong>Vialundskolans aula<br>S\u00f6ndag 10 november kl. 16:00<\/del><\/p>\n<p><a href=\"http:\/\/khof.se\/wp-content\/uploads\/2019\/10\/20191110.jpg\"><img class=\"alignnone size-medium wp-image-1601\" src=\"http:\/\/khof.se\/wp-content\/uploads\/2019\/10\/20191110_small.jpg\"><\/a><\/p>\n<hr>\n<p><del><strong>Konsert &#8221;Stj\u00e4rnornas Musik&#8221;<\/strong><br>Kumla Kyrka<br>S\u00f6ndag 19 maj<br>kl. 18.00<\/del><\/p>\n<p><a href=\"http:\/\/khof.se\/wp-content\/uploads\/2019\/05\/St\u00e4rnornasMusik20190519.jpg\"><img class=\"alignnone size-medium wp-image-1601\" src=\"http:\/\/khof.se\/wp-content\/uploads\/2019\/05\/St\u00e4rnornasMusik20190519_small.jpg\"><\/a><\/p>\n<p><del><strong>Hindersm\u00e4ssokonsert<br><\/strong>S:t Nicolai kyrka i \u00d6rebro<br>L\u00f6rdag 26 jan 2019 kl. 16.00<\/del><\/p>\n<p><del><strong>Konsert &#8221;Stj\u00e4rnornas musik&#8221;<br><\/strong>Sockenkyrkan i Hallsberg<br>L\u00f6rdag 27 okt<br>kl. 18.00<\/del><\/p>\n<p><a href=\"http:\/\/khof.se\/wp-content\/uploads\/2018\/10\/Stjarnornas_musik.jpg\"><img loading=\"lazy\" class=\"alignnone size-medium wp-image-1601\" src=\"http:\/\/khof.se\/wp-content\/uploads\/2018\/10\/Stjarnornas_musik_small.jpg\" alt=\"festkonsert_5_dec_medium\" width=\"213\" height=\"298\"><\/a><\/p>\n<p><del><strong>Ol\u00e9 Festkonsert med spanskt tema<br><\/strong>S\u00f6ndag 22 april kl. 16:00<br>Husaren Folkets Hus i Kumla<\/del><br><a href=\"http:\/\/khof.se\/wp-content\/uploads\/2018\/04\/2018-04-22-FestkonsertOLE.jpg\"><img loading=\"lazy\" class=\"alignnone size-medium wp-image-1601\" src=\"http:\/\/khof.se\/wp-content\/uploads\/2018\/04\/2018-04-22-FestkonsertOLE_medium.jpg\" alt=\"OL\u00c9 Festkonsert\" width=\"213\" height=\"304\"><\/a><\/p>\n<p><del><strong>Hindersm\u00e4ssokonsert<br><\/strong>S:t Nicolai kyrka i \u00d6rebro<br>L\u00f6rdag 27 jan 2018 kl. 16.00<\/del><\/p>\n<p><del><strong>H\u00f6stkonsert<br><\/strong>Sockenkyrkan i Hallsberg<br>L\u00f6rdag 28 okt 2017<br>kl. 18.00<\/del><br><a href=\"http:\/\/khof.se\/wp-content\/uploads\/2017\/10\/20171028Konsert.pdf\"><img class=\"alignnone size medium wp-image-1601\" src=\"http:\/\/khof.se\/wp-content\/uploads\/2017\/10\/20171028Konsert2.jpg\"><\/a><\/p>\n<p><del><strong>Konsert &#8221;Fransk afton&#8221;<br><\/strong>Kumla Kyrka<br>L\u00f6rdag 9 sept 2017<br>kl. 18.00<\/del><\/p>\n<p><del>Tillsammans med<br>Lars-Ove Eriksson orgel<\/del><\/p>\n<p><del><strong>Konsert &#8221;Fransk afton&#8221;<br><\/strong> S:t Mikaels kyrka i \u00d6rebro<br>S\u00f6ndag 21&nbsp;maj 2017<br>kl. 18.00<\/del><\/p>\n<p><del>Tillsammans med<br>Lars-Ove Eriksson orgel &#8211; Mikaels kyrkok\u00f6r<br><a href=\"http:\/\/khof.se\/wp-content\/uploads\/2017\/05\/2017-05-21-Program-H\u00d6K.pdf\"><img class=\"alignnone size medium wp-image-1601\" src=\"http:\/\/khof.se\/wp-content\/uploads\/2011\/07\/2017-05-21-Program-H\u00d6K.jpg\"><\/a><br><strong>Hindersm\u00e4ssokonsert<br><\/strong>S:t Nicolai kyrka i \u00d6rebro<br> L\u00f6rdag 28 jan 2017<br> kl. 16.00<\/del><\/p>\n<p><del><strong>Konsert &#8221;Grimaser och Pirater&#8221;<br><\/strong>Viby Kyrka<br>S\u00f6ndag 23 okt<br>kl. 18.00<\/del><\/p>\n<p><del><strong>V\u00e4rldens barn konsert<\/strong><br>All\u00e9skolans aula, Hallsberg<br>L\u00f6rdag 1 okt<br>kl. 16.00<\/del><\/p>\n<p><del><strong>Konsert &#8221;Musik i f\u00f6rsommarskrud&#8221;<br><\/strong>Kumla Kyrka<br>L\u00f6rdag 28 maj<br>kl. 18.00<\/del><\/p>\n<p><a href=\"http:\/\/khof.se\/wp-content\/uploads\/2016\/05\/2016-05-28-Kumla-Kyrka.jpg\"><img loading=\"lazy\" class=\"alignnone size-medium wp-image-1601\" src=\"http:\/\/khof.se\/wp-content\/uploads\/2016\/05\/2016-05-28-Kumla-Kyrka_medium.jpg\" alt=\"Musik i f\u00f6rsommarskrud - medium\" width=\"212\" height=\"304\"><\/a><\/p>\n<p><del><strong>Hindersm\u00e4ssokonsert<br><\/strong>2016-01-30 kl. 16:00<br>S:t Nicolai kyrka i \u00d6rebro<\/del><\/p>\n<p><del><strong>Festkonsert<br><\/strong>2015-12-05 kl. 16:00<br>Husaren Folkets Hus i Kumla<\/del><\/p>\n<p><a href=\"http:\/\/khof.se\/wp-content\/uploads\/2015\/11\/festkonsert_5_dec_medium.jpg\"><img loading=\"lazy\" class=\"alignnone size-medium wp-image-1601\" src=\"http:\/\/khof.se\/wp-content\/uploads\/2015\/11\/festkonsert_5_dec_medium-212x300.jpg\" alt=\"festkonsert_5_dec_medium\" width=\"212\" height=\"300\" srcset=\"https:\/\/khof.se\/wp-content\/uploads\/2015\/11\/festkonsert_5_dec_medium-212x300.jpg 212w, https:\/\/khof.se\/wp-content\/uploads\/2015\/11\/festkonsert_5_dec_medium.jpg 495w\" sizes=\"(max-width: 212px) 100vw, 212px\" \/><\/a><\/p>\n<p><del><strong>H\u00f6stkonsert<br><\/strong>2015-10-18 kl. 18:00<br>L\u00e4ngbro kyrka i \u00d6rebro<\/del><\/p>\n<p><del><strong>Konsert &#8221;En resa jorden runt&#8221;<br><\/strong>2015-05-30 kl. 18.00<br>Stora Mell\u00f6sa kyrka<\/del><\/p>\n<p><del><strong>Hindersm\u00e4ssokonsert<br><\/strong>2015-01-30 kl. 16:00<br>S:t Nicolai kyrka i \u00d6rebro<\/del><\/p>\n<p><del><strong>Luciakonsert<br><\/strong>2014-12-13 kl. 17.00<br>Kumla kyrka<\/del><\/p>\n<p><del><strong>Konsert<br><\/strong>2014-11-22 kl. 18.00<br>Sockenkyrkan i Hallsberg<\/del><\/p>\n<p><del><strong>Konsert<br><\/strong>2014-10-19 kl. 16.00<br>Bielkem\u00e4ssen i Kumla<br><del>Mindre bes\u00e4ttning ur orkestern<\/del><\/del><\/p>\n<p><del><strong>Konsert<br><\/strong>2014-06-01 kl. 18:00<br>S:t Nicolai kyrka i \u00d6rebro<\/del><\/p>\n<p><del><strong>Konsert<br>2014-06-08 kl. 18:00<br>Sockenkyrkan i Hallsberg<\/strong><\/del><\/p>\n<p><del><strong>Hindersm\u00e4ssokonsert<br><\/strong>2014-01-25&nbsp;kl. 15:00<br>S:t Nicolai kyrka i \u00d6rebro<\/del><\/p>\n","protected":false},"excerpt":{"rendered":"<p>JulkonsertKumla kyrkaL\u00f6rdag 18 dec 2021 kl. 16.00 och kl. 18.00 Hindersm\u00e4ssokonsertS:t Nicolai kyrka i \u00d6rebroL\u00f6rdag 25 jan 2020 kl. 17.00 Sound of Music och Musik av m\u00e4stareVialundskolans aulaS\u00f6ndag 10 november kl. 16:00 Konsert &#8221;Stj\u00e4rnornas Musik&#8221;Kumla KyrkaS\u00f6ndag 19 majkl. 18.00 Hindersm\u00e4ssokonsertS:t &hellip; <a href=\"https:\/\/khof.se\/?page_id=5\">L\u00e4s mer <span class=\"meta-nav\">&rarr;<\/span><\/a><\/p>\n","protected":false},"author":1,"featured_media":0,"parent":0,"menu_order":0,"comment_status":"closed","ping_status":"closed","template":"","meta":[],"_links":{"self":[{"href":"https:\/\/khof.se\/index.php?rest_route=\/wp\/v2\/pages\/5"}],"collection":[{"href":"https:\/\/khof.se\/index.php?rest_route=\/wp\/v2\/pages"}],"about":[{"href":"https:\/\/khof.se\/index.php?rest_route=\/wp\/v2\/types\/page"}],"author":[{"embeddable":true,"href":"https:\/\/khof.se\/index.php?rest_route=\/wp\/v2\/users\/1"}],"replies":[{"embeddable":true,"href":"https:\/\/khof.se\/index.php?rest_route=%2Fwp%2Fv2%2Fcomments&post=5"}],"version-history":[{"count":177,"href":"https:\/\/khof.se\/index.php?rest_route=\/wp\/v2\/pages\/5\/revisions"}],"predecessor-version":[{"id":2891,"href":"https:\/\/khof.se\/index.php?rest_route=\/wp\/v2\/pages\/5\/revisions\/2891"}],"wp:attachment":[{"href":"https:\/\/khof.se\/index.php?rest_route=%2Fwp%2Fv2%2Fmedia&parent=5"}],"curies":[{"name":"wp","href":"https:\/\/api.w.org\/{rel}","templated":true}]}}