{"id":6,"date":"2011-07-22T12:40:42","date_gmt":"2011-07-22T12:40:42","guid":{"rendered":"http:\/\/kumlahallsbergorkester.wordpress.com\/?page_id=6"},"modified":"2014-05-24T20:55:07","modified_gmt":"2014-05-24T18:55:07","slug":"var-historia","status":"publish","type":"page","link":"https:\/\/khof.se\/?page_id=6","title":{"rendered":"Om orkesterf\u00f6reningen"},"content":{"rendered":"<p>Varje\u00a0m\u00e5ndagskv\u00e4ll samlas vi, ungdomar och vuxna i varierande \u00e5ldrar f\u00f6r att spela tillsammans.\u00a0Orkestern best\u00e5r av &#8221;hobby-musikanter&#8221;, elever fr\u00e5n Kulturskolan samt musikl\u00e4rare. Repertoaren best\u00e5r av alltifr\u00e5n symfoniska verk\u00a0och solokonserter till popul\u00e4rmusik.\u00a0Vi \u00f6var flitigt inf\u00f6r de konserter och framtr\u00e4danden som ligger framf\u00f6r oss, men vi hinner \u00e4ven att umg\u00e5s tillsammans och har d\u00e4rf\u00f6r en mycket god sammanh\u00e5llning.<\/p>\n<p><strong>Historia<\/strong><br \/>\nKumla-Hallsbergs Orkesterf\u00f6rening bildades v\u00e5ren 2007 sedan Kumla Musiks\u00e4llskap och Hallsbergs Orkesterf\u00f6rening g\u00e5tt samman till en orkester. Vi fick p\u00e5 detta s\u00e4tt en st\u00f6rre och bredare orkester och en f\u00f6rhoppningsvis st\u00f6rre publik. Idag \u00e4r vi cirka 30 personer som spelar tillsammans under ledning av dirigent Per Svansbo.<\/p>\n<p>De tidigare orkestrarna har en l\u00e5ng historia. Kumla Musiks\u00e4llskap bildades f\u00f6rsta g\u00e5ngen 1933. Orkestern tog timeout 1952 och nybildades igen 1973, d\u00e5 under ledning av Jan Nilsson och senare G\u00f6ran\u00a0Melander.<\/p>\n<p>Hallsbergs Orkesterf\u00f6rening har funnits ungef\u00e4r lika l\u00e4nge men delvis under annat namn. D\u00e4r n\u00e4mns en man vid namn Sohlman och d\u00e4r fanns under m\u00e5nga \u00e5r Olof \u201dStrauss\u201d Persson.<\/p>\n<p>Inom den kommunala orkestern, Hallsbergs Orkesterf\u00f6rening, verkade B\u00f6rje St\u00e5lhammar och fr\u00e5n 1977 Th Edward Sundquist. \u00c5ren innan orkestrarna b\u00f6rjade sitt samarbete dirigerade Henric Lundberg.<\/p>\n<p>Sedan h\u00f6sten 2011 har ett samarbete med \u00d6rebro Orkesterf\u00f6rening etablerats som p\u00e5g\u00e5r \u00e4n idag.<\/p>\n","protected":false},"excerpt":{"rendered":"<p>Varje\u00a0m\u00e5ndagskv\u00e4ll samlas vi, ungdomar och vuxna i varierande \u00e5ldrar f\u00f6r att spela tillsammans.\u00a0Orkestern best\u00e5r av &#8221;hobby-musikanter&#8221;, elever fr\u00e5n Kulturskolan samt musikl\u00e4rare. Repertoaren best\u00e5r av alltifr\u00e5n symfoniska verk\u00a0och solokonserter till popul\u00e4rmusik.\u00a0Vi \u00f6var flitigt inf\u00f6r de konserter och framtr\u00e4danden som ligger framf\u00f6r &hellip; <a href=\"https:\/\/khof.se\/?page_id=6\">L\u00e4s mer <span class=\"meta-nav\">&rarr;<\/span><\/a><\/p>\n","protected":false},"author":1,"featured_media":0,"parent":0,"menu_order":0,"comment_status":"closed","ping_status":"closed","template":"onecolumn-page.php","meta":[],"_links":{"self":[{"href":"https:\/\/khof.se\/index.php?rest_route=\/wp\/v2\/pages\/6"}],"collection":[{"href":"https:\/\/khof.se\/index.php?rest_route=\/wp\/v2\/pages"}],"about":[{"href":"https:\/\/khof.se\/index.php?rest_route=\/wp\/v2\/types\/page"}],"author":[{"embeddable":true,"href":"https:\/\/khof.se\/index.php?rest_route=\/wp\/v2\/users\/1"}],"replies":[{"embeddable":true,"href":"https:\/\/khof.se\/index.php?rest_route=%2Fwp%2Fv2%2Fcomments&post=6"}],"version-history":[{"count":3,"href":"https:\/\/khof.se\/index.php?rest_route=\/wp\/v2\/pages\/6\/revisions"}],"predecessor-version":[{"id":1142,"href":"https:\/\/khof.se\/index.php?rest_route=\/wp\/v2\/pages\/6\/revisions\/1142"}],"wp:attachment":[{"href":"https:\/\/khof.se\/index.php?rest_route=%2Fwp%2Fv2%2Fmedia&parent=6"}],"curies":[{"name":"wp","href":"https:\/\/api.w.org\/{rel}","templated":true}]}}